{"id":18927,"date":"2024-05-09T11:34:00","date_gmt":"2024-05-09T11:34:00","guid":{"rendered":"https:\/\/atlanticeagle.pt\/?page_id=18927"},"modified":"2024-05-09T11:38:48","modified_gmt":"2024-05-09T11:38:48","slug":"politica-de-cookies","status":"publish","type":"page","link":"https:\/\/atlanticeagle.pt\/tetum\/politica-de-cookies\/","title":{"rendered":"Pol\u00edtica de Cookies"},"content":{"rendered":"\t\t<div data-elementor-type=\"wp-page\" data-elementor-id=\"18927\" class=\"elementor elementor-18927\" data-elementor-post-type=\"page\">\n\t\t\t\t\t\t<section class=\"elementor-section elementor-top-section elementor-element elementor-element-abd0501 elementor-section-boxed elementor-section-height-default elementor-section-height-default\" data-id=\"abd0501\" data-element_type=\"section\">\n\t\t\t\t\t\t<div class=\"elementor-container elementor-column-gap-default\">\n\t\t\t\t\t<div class=\"elementor-column elementor-col-100 elementor-top-column elementor-element elementor-element-e802827\" data-id=\"e802827\" data-element_type=\"column\">\n\t\t\t<div class=\"elementor-widget-wrap elementor-element-populated\">\n\t\t\t\t\t\t<div class=\"elementor-element elementor-element-e171d65 elementor-widget elementor-widget-text-editor\" data-id=\"e171d65\" data-element_type=\"widget\" data-widget_type=\"text-editor.default\">\n\t\t\t\t<div class=\"elementor-widget-container\">\n\t\t\t\t\t\t\t\t\t<h2>Pol\u00edtica de Cookies<\/h2><p>Data de vig\u00eancia: 09 de maio de 2024<br \/>\u00daltima atualiza\u00e7\u00e3o: 09 de maio de 2024<\/p><p><strong>O que s\u00e3o cookies? <\/strong><\/p><p>Esta Pol\u00edtica de Cookies explica o que s\u00e3o cookies e como os utilizamos, os tipos de cookies que utilizamos, ou seja, as informa\u00e7\u00f5es que recolhemos atrav\u00e9s de cookies e como essas informa\u00e7\u00f5es s\u00e3o utilizadas, e como gerir as configura\u00e7\u00f5es de cookies.<br \/>Cookies s\u00e3o pequenos arquivos de texto usados para armazenar pequenas informa\u00e7\u00f5es. Eles s\u00e3o armazenados no seu dispositivo quando o site \u00e9 carregado no seu navegador. Estes cookies ajudam-nos a fazer com que o site funcione corretamente, torn\u00e1-lo mais seguro, proporcionar uma melhor experi\u00eancia ao utilizador e compreender o desempenho do site e analisar o que funciona e onde precisa de ser melhorado.<\/p><p><strong>Como usamos cookies? <\/strong><\/p><p>Tal como a maioria dos servi\u00e7os online, o nosso site utiliza cookies pr\u00f3prios e de terceiros para diversos fins. Os cookies prim\u00e1rios s\u00e3o principalmente necess\u00e1rios para que o site funcione corretamente e n\u00e3o coletam nenhum dos seus dados de identifica\u00e7\u00e3o pessoal.<br \/>Os cookies de terceiros usados em nosso site s\u00e3o principalmente para entender o desempenho do site, como voc\u00ea interage com nosso site, manter nossos servi\u00e7os seguros, fornecer an\u00fancios que sejam relevantes para voc\u00ea e, em suma, fornecer-lhe um usu\u00e1rio melhor e melhorado. experi\u00eancia e ajudar a acelerar suas futuras intera\u00e7\u00f5es com nosso site.<\/p><p><br \/><strong>Tipos de cookies que usamos<\/strong> \u00a0<\/p><p>Voc\u00ea pode alterar suas prefer\u00eancias de cookies a qualquer momento. Isso permitir\u00e1 que voc\u00ea revisite o banner de consentimento de cookies e altere suas prefer\u00eancias ou retire seu consentimento imediatamente.<br \/>Al\u00e9m disso, diferentes navegadores oferecem diferentes m\u00e9todos para bloquear e excluir cookies usados por sites. Voc\u00ea pode alterar as configura\u00e7\u00f5es do seu navegador para bloquear\/excluir os cookies. Listados abaixo est\u00e3o os links para os documentos de suporte sobre como gerenciar e excluir cookies dos principais navegadores da web.<br \/>Chrome: https:\/\/support.google.com\/accounts\/answer\/32050<br \/>Safari: https:\/\/support.apple.com\/en-in\/guide\/safari\/sfri11471\/mac<br \/>Firefox: https:\/\/support.mozilla.org\/en-US\/kb\/clear-cookies-and-site-data-firefox?redirectslug=delete-cookies-remove-info-websites-stored&amp;redirectlocale=en-US<br \/>Internet Explorer: https:\/\/support.microsoft.com\/en-us\/topic\/how-to-delete-cookie-files-in-internet-explorer-bca9446f-d873-78de-77ba-d42645fa52fc<br \/>Se voc\u00ea estiver usando qualquer outro navegador da web, visite os documentos oficiais de suporte do seu navegador.<\/p>\t\t\t\t\t\t\t\t<\/div>\n\t\t\t\t<\/div>\n\t\t\t\t\t<\/div>\n\t\t<\/div>\n\t\t\t\t\t<\/div>\n\t\t<\/section>\n\t\t\t\t<\/div>\n\t\t","protected":false},"excerpt":{"rendered":"<p>Pol\u00edtica de Cookies Data de vig\u00eancia: 09 de maio de 2024\u00daltima atualiza\u00e7\u00e3o: 09 de maio de 2024 O que s\u00e3o cookies? Esta Pol\u00edtica de Cookies explica o que s\u00e3o cookies e como os utilizamos, os tipos de cookies que utilizamos, ou&#8230;<\/p>\n","protected":false},"author":2,"featured_media":0,"parent":0,"menu_order":0,"comment_status":"closed","ping_status":"closed","template":"","meta":{"_monsterinsights_skip_tracking":false,"_monsterinsights_sitenote_active":false,"_monsterinsights_sitenote_note":"","_monsterinsights_sitenote_category":0,"footnotes":""},"class_list":["post-18927","page","type-page","status-publish","hentry"],"_links":{"self":[{"href":"https:\/\/atlanticeagle.pt\/tetum\/wp-json\/wp\/v2\/pages\/18927","targetHints":{"allow":["GET"]}}],"collection":[{"href":"https:\/\/atlanticeagle.pt\/tetum\/wp-json\/wp\/v2\/pages"}],"about":[{"href":"https:\/\/atlanticeagle.pt\/tetum\/wp-json\/wp\/v2\/types\/page"}],"author":[{"embeddable":true,"href":"https:\/\/atlanticeagle.pt\/tetum\/wp-json\/wp\/v2\/users\/2"}],"replies":[{"embeddable":true,"href":"https:\/\/atlanticeagle.pt\/tetum\/wp-json\/wp\/v2\/comments?post=18927"}],"version-history":[{"count":4,"href":"https:\/\/atlanticeagle.pt\/tetum\/wp-json\/wp\/v2\/pages\/18927\/revisions"}],"predecessor-version":[{"id":18931,"href":"https:\/\/atlanticeagle.pt\/tetum\/wp-json\/wp\/v2\/pages\/18927\/revisions\/18931"}],"wp:attachment":[{"href":"https:\/\/atlanticeagle.pt\/tetum\/wp-json\/wp\/v2\/media?parent=18927"}],"curies":[{"name":"wp","href":"https:\/\/api.w.org\/{rel}","templated":true}]}}