{"id":6735,"date":"2022-09-17T15:31:53","date_gmt":"2022-09-17T15:31:53","guid":{"rendered":"https:\/\/demo.artureanec.com\/themes\/industrium\/?page_id=6735"},"modified":"2024-05-15T04:53:11","modified_gmt":"2024-05-15T04:53:11","slug":"politica-de-privacidade","status":"publish","type":"page","link":"https:\/\/atlanticeagle.pt\/tetum\/politica-de-privacidade\/","title":{"rendered":"Pol\u00edtica de Privacidade"},"content":{"rendered":"\t\t<div data-elementor-type=\"wp-page\" data-elementor-id=\"6735\" class=\"elementor elementor-6735\" data-elementor-post-type=\"page\">\n\t\t\t\t\t\t<section class=\"elementor-section elementor-top-section elementor-element elementor-element-28e42a1 elementor-section-boxed elementor-section-height-default elementor-section-height-default\" data-id=\"28e42a1\" data-element_type=\"section\">\n\t\t\t\t\t\t<div class=\"elementor-container elementor-column-gap-default\">\n\t\t\t\t\t<div class=\"elementor-column elementor-col-100 elementor-top-column elementor-element elementor-element-9b4a51a\" data-id=\"9b4a51a\" data-element_type=\"column\">\n\t\t\t<div class=\"elementor-widget-wrap elementor-element-populated\">\n\t\t\t\t\t\t<div class=\"elementor-element elementor-element-b62875c elementor-widget elementor-widget-text-editor\" data-id=\"b62875c\" data-element_type=\"widget\" data-widget_type=\"text-editor.default\">\n\t\t\t\t<div class=\"elementor-widget-container\">\n\t\t\t\t\t\t\t\t\t<h2>Pol\u00edtica de Privacidade<\/h2>\n<p>\u00daltima atualiza\u00e7\u00e3o em 09 de maio de 2024<\/p>\n<p>Data de vig\u00eancia: 09 de maio de 2024<\/p>\n<p>A presente Pol\u00edtica de Privacidade descreve as pol\u00edticas da ATLANTICEAGLE SHIPBUILDING LDA, situada na Rua dos Estaleiros, Morraceira, Figueira da Foz, 3090-749, Portugal, email: <a target=\"_new\" rel=\"noreferrer\">geral@atlanticeagle.pt<\/a> e telefone: 935244449, sobre a recolha, utiliza\u00e7\u00e3o e divulga\u00e7\u00e3o das suas informa\u00e7\u00f5es quando utiliza o nosso website (<a href=\"https:\/\/atlanticeagle.pt\/\" target=\"_new\" rel=\"noreferrer\">https:\/\/atlanticeagle.pt<\/a>). (o &#8220;servi\u00e7o&#8221;). Ao aceder ou utilizar o Servi\u00e7o, concorda com a recolha, uso e divulga\u00e7\u00e3o das suas informa\u00e7\u00f5es de acordo com esta Pol\u00edtica de Privacidade. Se n\u00e3o consentir com o mesmo, n\u00e3o aceda ou utilize o Servi\u00e7o. Podemos modificar esta Pol\u00edtica de Privacidade a qualquer momento sem aviso pr\u00e9vio e publicaremos a Pol\u00edtica de Privacidade revisada no Servi\u00e7o. A Pol\u00edtica revisada entrar\u00e1 em vigor 180 dias ap\u00f3s a data de publica\u00e7\u00e3o no Servi\u00e7o e o seu acesso ou uso cont\u00ednuo do Servi\u00e7o ap\u00f3s esse per\u00edodo constituir\u00e1 a sua aceita\u00e7\u00e3o da Pol\u00edtica de Privacidade revisada. Recomendamos, portanto, que reveja periodicamente esta p\u00e1gina.<\/p>\n<h4>Informa\u00e7\u00f5es que recolhemos:&nbsp;<\/h4><p>Recolheremos e processaremos as seguintes informa\u00e7\u00f5es pessoais sobre si:<\/p>\n<p>Nome E-mail Telefone<\/p>\n<h4>Reten\u00e7\u00e3o das suas informa\u00e7\u00f5es:&nbsp;<\/h4><p>Manteremos as suas informa\u00e7\u00f5es pessoais connosco por 90 dias a 2 anos ap\u00f3s as contas dos utilizadores permanecerem inativas ou pelo tempo que precisarmos delas para cumprir os prop\u00f3sitos para os quais foram recolhidas, conforme detalhado nesta Pol\u00edtica de Privacidade. Podemos precisar de reter determinadas informa\u00e7\u00f5es por per\u00edodos mais longos, como manuten\u00e7\u00e3o de registos\/relat\u00f3rios de acordo com a lei aplic\u00e1vel ou por outros motivos leg\u00edtimos, como aplica\u00e7\u00e3o de direitos legais, preven\u00e7\u00e3o de fraudes, etc. Informa\u00e7\u00f5es residuais an\u00f3nimas e informa\u00e7\u00f5es agregadas, nenhuma das quais o identifica (direta ou indiretamente), podem ser armazenadas indefinidamente.<\/p>\n<h4>Os Seus direitos:&nbsp;<\/h4><p>Dependendo da lei aplic\u00e1vel, pode ter o direito de aceder, retificar ou apagar os seus dados pessoais, ou receber uma c\u00f3pia dos seus dados pessoais, restringir ou opor-se ao processamento ativo dos seus dados, solicitar-nos para partilhar (portar) as suas informa\u00e7\u00f5es pessoais para outra entidade, retirar qualquer consentimento que nos tenha fornecido para processar os seus dados, o direito de apresentar uma reclama\u00e7\u00e3o junto a uma autoridade legal e outros direitos que possam ser relevantes sob as leis aplic\u00e1veis. Para exercer estes direitos, pode escrever-nos para <a target=\"_new\" rel=\"noreferrer\">geral@atlanticeagle.pt<\/a>. Responderemos \u00e0 sua solicita\u00e7\u00e3o de acordo com a lei aplic\u00e1vel. Note que se n\u00e3o nos permitir recolher ou processar as informa\u00e7\u00f5es pessoais necess\u00e1rias, ou retirar o consentimento para process\u00e1-las para os fins exigidos, poder\u00e1 n\u00e3o conseguir aceder ou utilizar os servi\u00e7os para os quais as suas informa\u00e7\u00f5es foram solicitadas.<\/p>\n<h4>Cookies, etc:<\/h4><p>Para saber mais sobre como utilizamos estas tecnologias e as suas escolhas em rela\u00e7\u00e3o a essas tecnologias de rastreamento, consulte a nossa Pol\u00edtica de Cookies.<\/p>\n<h4>Seguran\u00e7a:&nbsp;<\/h4><p>A seguran\u00e7a das suas informa\u00e7\u00f5es \u00e9 importante para n\u00f3s e utilizaremos medidas de seguran\u00e7a razo\u00e1veis para evitar a perda, uso indevido ou altera\u00e7\u00e3o n\u00e3o autorizada das suas informa\u00e7\u00f5es sob nosso controle. No entanto, dado os riscos inerentes, n\u00e3o podemos garantir seguran\u00e7a absoluta e, consequentemente, n\u00e3o podemos assegurar ou garantir a seguran\u00e7a de qualquer informa\u00e7\u00e3o que nos transmita, e f\u00e1-lo por sua pr\u00f3pria conta e risco.<\/p>\n<h4>Respons\u00e1vel por reclama\u00e7\u00f5es\/prote\u00e7\u00e3o de dados:&nbsp;<\/h4><p>Se tiver alguma d\u00favida ou preocupa\u00e7\u00e3o sobre o processamento das suas informa\u00e7\u00f5es que est\u00e3o dispon\u00edveis connosco, pode enviar um email ao nosso Respons\u00e1vel de Reclama\u00e7\u00f5es na ATLANTICEAGLE SHIPBUILDING LDA, Rua dos Estaleiros, Morraceira, Figueira da Foz, email: <a target=\"_new\" rel=\"noreferrer\">geral@atlanticeagle.pt<\/a>. Abordaremos as suas preocupa\u00e7\u00f5es de acordo com a lei aplic\u00e1vel.<\/p>\t\t\t\t\t\t\t\t<\/div>\n\t\t\t\t<\/div>\n\t\t\t\t<div class=\"elementor-element elementor-element-0348d55 elementor-widget elementor-widget-industrium_button\" data-id=\"0348d55\" data-element_type=\"widget\" data-widget_type=\"industrium_button.default\">\n\t\t\t\t<div class=\"elementor-widget-container\">\n\t\t\t\t\t\n        <div class=\"button-widget\">\n            <div class=\"button-container\">\n                <a class=\"industrium-button button-type-1\" href=\"https:\/\/atlanticeagle.pt\/denuncias\" target=\"_blank\">\n                    Canal de den\u00fancias<svg viewBox=\"0 0 13 20\"><polyline points=\"0.5 19.5 3 19.5 12.5 10 3 0.5\"><\/polyline><\/svg>                    \n                <\/a>\n            <\/div>\n        <\/div>\n        \t\t\t\t<\/div>\n\t\t\t\t<\/div>\n\t\t\t\t\t<\/div>\n\t\t<\/div>\n\t\t\t\t\t<\/div>\n\t\t<\/section>\n\t\t\t\t<\/div>\n\t\t","protected":false},"excerpt":{"rendered":"<p>Pol\u00edtica de Privacidade \u00daltima atualiza\u00e7\u00e3o em 09 de maio de 2024 Data de vig\u00eancia: 09 de maio de 2024 A presente Pol\u00edtica de Privacidade descreve as pol\u00edticas da ATLANTICEAGLE SHIPBUILDING LDA, situada na Rua dos Estaleiros, Morraceira, Figueira da Foz, 3090-749,&#8230;<\/p>\n","protected":false},"author":1,"featured_media":0,"parent":0,"menu_order":0,"comment_status":"closed","ping_status":"closed","template":"","meta":{"_monsterinsights_skip_tracking":false,"_monsterinsights_sitenote_active":false,"_monsterinsights_sitenote_note":"","_monsterinsights_sitenote_category":0,"footnotes":""},"class_list":["post-6735","page","type-page","status-publish","hentry"],"_links":{"self":[{"href":"https:\/\/atlanticeagle.pt\/tetum\/wp-json\/wp\/v2\/pages\/6735","targetHints":{"allow":["GET"]}}],"collection":[{"href":"https:\/\/atlanticeagle.pt\/tetum\/wp-json\/wp\/v2\/pages"}],"about":[{"href":"https:\/\/atlanticeagle.pt\/tetum\/wp-json\/wp\/v2\/types\/page"}],"author":[{"embeddable":true,"href":"https:\/\/atlanticeagle.pt\/tetum\/wp-json\/wp\/v2\/users\/1"}],"replies":[{"embeddable":true,"href":"https:\/\/atlanticeagle.pt\/tetum\/wp-json\/wp\/v2\/comments?post=6735"}],"version-history":[{"count":10,"href":"https:\/\/atlanticeagle.pt\/tetum\/wp-json\/wp\/v2\/pages\/6735\/revisions"}],"predecessor-version":[{"id":18962,"href":"https:\/\/atlanticeagle.pt\/tetum\/wp-json\/wp\/v2\/pages\/6735\/revisions\/18962"}],"wp:attachment":[{"href":"https:\/\/atlanticeagle.pt\/tetum\/wp-json\/wp\/v2\/media?parent=6735"}],"curies":[{"name":"wp","href":"https:\/\/api.w.org\/{rel}","templated":true}]}}